{"id":3,"date":"2021-05-03T06:55:41","date_gmt":"2021-05-03T04:55:41","guid":{"rendered":"https:\/\/naturaltempos.dog\/?page_id=3"},"modified":"2022-05-31T08:39:05","modified_gmt":"2022-05-31T06:39:05","slug":"politica-de-privacidad","status":"publish","type":"page","link":"https:\/\/naturaltempos.dog\/en\/politica-de-privacidad\/","title":{"rendered":"Pol\u00edtica de privacidad"},"content":{"rendered":"\t\t<div data-elementor-type=\"wp-page\" data-elementor-id=\"3\" class=\"elementor elementor-3\" data-elementor-post-type=\"page\">\n\t\t\t\t\t\t<section class=\"elementor-section elementor-top-section elementor-element elementor-element-654d29d elementor-section-boxed elementor-section-height-default elementor-section-height-default\" data-id=\"654d29d\" data-element_type=\"section\" data-e-type=\"section\" data-settings=\"{&quot;jet_parallax_layout_list&quot;:[{&quot;_id&quot;:&quot;255bdbe&quot;,&quot;jet_parallax_layout_image&quot;:{&quot;url&quot;:&quot;&quot;,&quot;id&quot;:&quot;&quot;,&quot;size&quot;:&quot;&quot;},&quot;jet_parallax_layout_image_tablet&quot;:{&quot;url&quot;:&quot;&quot;,&quot;id&quot;:&quot;&quot;,&quot;size&quot;:&quot;&quot;},&quot;jet_parallax_layout_image_mobile&quot;:{&quot;url&quot;:&quot;&quot;,&quot;id&quot;:&quot;&quot;,&quot;size&quot;:&quot;&quot;},&quot;jet_parallax_layout_speed&quot;:{&quot;unit&quot;:&quot;%&quot;,&quot;size&quot;:50,&quot;sizes&quot;:[]},&quot;jet_parallax_layout_type&quot;:&quot;scroll&quot;,&quot;jet_parallax_layout_direction&quot;:&quot;1&quot;,&quot;jet_parallax_layout_fx_direction&quot;:null,&quot;jet_parallax_layout_z_index&quot;:&quot;&quot;,&quot;jet_parallax_layout_bg_x&quot;:50,&quot;jet_parallax_layout_bg_x_tablet&quot;:&quot;&quot;,&quot;jet_parallax_layout_bg_x_mobile&quot;:&quot;&quot;,&quot;jet_parallax_layout_bg_y&quot;:50,&quot;jet_parallax_layout_bg_y_tablet&quot;:&quot;&quot;,&quot;jet_parallax_layout_bg_y_mobile&quot;:&quot;&quot;,&quot;jet_parallax_layout_bg_size&quot;:&quot;auto&quot;,&quot;jet_parallax_layout_bg_size_tablet&quot;:&quot;&quot;,&quot;jet_parallax_layout_bg_size_mobile&quot;:&quot;&quot;,&quot;jet_parallax_layout_animation_prop&quot;:&quot;transform&quot;,&quot;jet_parallax_layout_on&quot;:[&quot;desktop&quot;,&quot;tablet&quot;]}],&quot;background_background&quot;:&quot;classic&quot;,&quot;tmp_custom_cursor&quot;:&quot;disable&quot;}\">\n\t\t\t\t\t\t\t<div class=\"elementor-background-overlay\"><\/div>\n\t\t\t\t\t\t\t<div class=\"elementor-container elementor-column-gap-default\">\n\t\t\t\t\t<div class=\"elementor-column elementor-col-100 elementor-top-column elementor-element elementor-element-a92b0dc\" data-id=\"a92b0dc\" data-element_type=\"column\" data-e-type=\"column\" data-settings=\"{&quot;tmp_custom_cursor&quot;:&quot;disable&quot;}\">\n\t\t\t<div class=\"elementor-widget-wrap elementor-element-populated\">\n\t\t\t\t\t\t<div class=\"elementor-element elementor-element-669a9f5 elementor-widget elementor-widget-heading\" data-id=\"669a9f5\" data-element_type=\"widget\" data-e-type=\"widget\" data-widget_type=\"heading.default\">\n\t\t\t\t<div class=\"elementor-widget-container\">\n\t\t\t\t\t<h1 class=\"elementor-heading-title elementor-size-default\">Pol\u00edtica de privacidad<\/h1>\t\t\t\t<\/div>\n\t\t\t\t<\/div>\n\t\t\t\t\t<\/div>\n\t\t<\/div>\n\t\t\t\t\t<\/div>\n\t\t<\/section>\n\t\t\t\t<section class=\"elementor-section elementor-top-section elementor-element elementor-element-15483b6 elementor-section-boxed elementor-section-height-default elementor-section-height-default\" data-id=\"15483b6\" data-element_type=\"section\" data-e-type=\"section\" data-settings=\"{&quot;jet_parallax_layout_list&quot;:[{&quot;jet_parallax_layout_image&quot;:{&quot;url&quot;:&quot;&quot;,&quot;id&quot;:&quot;&quot;,&quot;size&quot;:&quot;&quot;},&quot;_id&quot;:&quot;6c5a817&quot;,&quot;jet_parallax_layout_image_tablet&quot;:{&quot;url&quot;:&quot;&quot;,&quot;id&quot;:&quot;&quot;,&quot;size&quot;:&quot;&quot;},&quot;jet_parallax_layout_image_mobile&quot;:{&quot;url&quot;:&quot;&quot;,&quot;id&quot;:&quot;&quot;,&quot;size&quot;:&quot;&quot;},&quot;jet_parallax_layout_speed&quot;:{&quot;unit&quot;:&quot;%&quot;,&quot;size&quot;:50,&quot;sizes&quot;:[]},&quot;jet_parallax_layout_type&quot;:&quot;scroll&quot;,&quot;jet_parallax_layout_direction&quot;:&quot;1&quot;,&quot;jet_parallax_layout_fx_direction&quot;:null,&quot;jet_parallax_layout_z_index&quot;:&quot;&quot;,&quot;jet_parallax_layout_bg_x&quot;:50,&quot;jet_parallax_layout_bg_x_tablet&quot;:&quot;&quot;,&quot;jet_parallax_layout_bg_x_mobile&quot;:&quot;&quot;,&quot;jet_parallax_layout_bg_y&quot;:50,&quot;jet_parallax_layout_bg_y_tablet&quot;:&quot;&quot;,&quot;jet_parallax_layout_bg_y_mobile&quot;:&quot;&quot;,&quot;jet_parallax_layout_bg_size&quot;:&quot;auto&quot;,&quot;jet_parallax_layout_bg_size_tablet&quot;:&quot;&quot;,&quot;jet_parallax_layout_bg_size_mobile&quot;:&quot;&quot;,&quot;jet_parallax_layout_animation_prop&quot;:&quot;transform&quot;,&quot;jet_parallax_layout_on&quot;:[&quot;desktop&quot;,&quot;tablet&quot;]}],&quot;tmp_custom_cursor&quot;:&quot;disable&quot;}\">\n\t\t\t\t\t\t<div class=\"elementor-container elementor-column-gap-default\">\n\t\t\t\t\t<div class=\"elementor-column elementor-col-100 elementor-top-column elementor-element elementor-element-853f0c9\" data-id=\"853f0c9\" data-element_type=\"column\" data-e-type=\"column\" data-settings=\"{&quot;tmp_custom_cursor&quot;:&quot;disable&quot;}\">\n\t\t\t<div class=\"elementor-widget-wrap elementor-element-populated\">\n\t\t\t\t\t\t<div class=\"elementor-element elementor-element-54c4d15 elementor-widget elementor-widget-text-editor\" data-id=\"54c4d15\" data-element_type=\"widget\" data-e-type=\"widget\" data-widget_type=\"text-editor.default\">\n\t\t\t\t<div class=\"elementor-widget-container\">\n\t\t\t\t\t\t\t\t\t<h1>\u00a0<\/h1><table width=\"652\"><tbody><tr><td colspan=\"2\" width=\"652\"><strong>INFORMACI\u00d3N B\u00c1SICA SOBRE PROTECCION DE DATOS<\/strong><\/td><\/tr><tr><td width=\"173\">Responsable<\/td><td width=\"479\">Q2 FLEET SERVICES SL<\/td><\/tr><tr><td width=\"173\">Finalidad<\/td><td width=\"479\">El mantenimiento de la comunicaci\u00f3n entre ambas partes, la resoluci\u00f3n de dudas y consultas planteadas, y para facilitar el acceso a nuestros clientes y contactos a informaci\u00f3n referente a nuestros servicios.<\/td><\/tr><tr><td width=\"173\">Legitimaci\u00f3n<\/td><td width=\"479\">Consentimiento del interesado o de su representante legal al rellenar el formulario de la petici\u00f3n o consulta que el mismo realiza, o al contactar a trav\u00e9s de cualquiera de los enlaces a correo electr\u00f3nico de contacto facilitados en la p\u00e1gina.<\/td><\/tr><tr><td width=\"173\">Destinatarios<\/td><td width=\"479\"><p>Los datos personales que usted ha facilitado tienen como \u00fanico destinatario a\u00a0<span style=\"font-size: 14.4px;\">Q2 FLEET SERVICES SL<\/span><\/p><p>No se prev\u00e9n cesiones de datos.<\/p><p>No se prev\u00e9 la transferencia internacional de sus datos personales.<\/p><\/td><\/tr><tr><td width=\"173\">Derechos<\/td><td width=\"479\">Tiene derecho a acceder, rectificar y suprimir los datos, as\u00ed como otros derechos, como se explica en la informaci\u00f3n adicional, contactando con Q2 FLEET SERVICES SL a trav\u00e9s de info@naturaltempos.dog o\u00a0.<\/td><\/tr><\/tbody><\/table><p>El interesado reconoce la recepci\u00f3n de esta informaci\u00f3n procedente de parte de\u00a0Q2 FLEET SERVICES SL<span style=\"color: var( --e-global-color-primary ); font-family: var( --e-global-typography-text-font-family ), Sans-serif;\">, y ha le\u00eddo la informaci\u00f3n adicional sobre el tratamiento de sus datos personales.<\/span><\/p><p><span style=\"color: var( --e-global-color-primary ); font-family: var( --e-global-typography-text-font-family ), Sans-serif;\">\u00a0<\/span><\/p><h2>Informaci\u00f3n adicional sobre protecci\u00f3n de datos<\/h2><p>\u00bfQui\u00e9n es el Responsable del tratamiento de sus datos personales?<\/p><ul><li><strong>Raz\u00f3n social:<\/strong> Q2 FLEET SERVICES SL<\/li><li><strong>CIF:<\/strong> B66851932<\/li><li><strong>Correo electr\u00f3nico:<\/strong> info@naturaltempos.dog<\/li><li><strong>Dominio:<\/strong> naturaltempos.dog<\/li><\/ul><p><strong>\u00a0<\/strong><\/p><p><strong>\u00bfCon qu\u00e9 finalidad tratamos sus datos personales?<\/strong><\/p><p>Q2 FLEET SERVICES SL trata la informaci\u00f3n que nos facilitan las personas interesadas con el fin de mantener la comunicaci\u00f3n entre ambas partes, la resoluci\u00f3n de dudas y consultas planteadas.<\/p><p><strong>\u00a0<\/strong><\/p><p><strong>\u00bfPor cu\u00e1nto tiempo conservaremos sus datos?<\/strong><\/p><p>Los datos personales proporcionados se conservar\u00e1n durante un tiempo prudencial desde la respuesta a su consulta o petici\u00f3n y se eliminar\u00e1n\u00a0cuando hayan dejado de ser necesarios para los fines que motivaron su recogida.<\/p><p>Si el interesado ha autorizado el uso de su informaci\u00f3n de contacto para fines de recepci\u00f3n de informaci\u00f3n comercial, estos datos ser\u00e1n conservados mientras no se manifieste el deseo de exclusi\u00f3n de las listas de distribuci\u00f3n comerciales.<\/p><p><strong>\u00a0<\/strong><\/p><p><strong>\u00bfCu\u00e1l es la legitimaci\u00f3n para el tratamiento de sus datos personales?<\/strong><\/p><p>La base legal para el tratamiento de sus datos personales es el consentimiento del interesado o de su representante legal al rellenar el formulario de la petici\u00f3n o consulta que el mismo realiza, o al contactar a trav\u00e9s de cualquiera de los enlaces a correo electr\u00f3nico de contacto facilitados en la p\u00e1gina.<\/p><p><strong>\u00a0<\/strong><\/p><p><strong>\u00bfSe comunicar\u00e1n sus datos a terceros?<\/strong><\/p><p>No. Los datos que usted ha proporcionado tienen como destinatario a Q2 FLEET SERVICES SL.<\/p><p>No se prev\u00e9 la transferencia internacional de sus datos personales.<\/p><p>Q2 FLEET SERVICES SL mantiene contratados servicios de hosting web y webmail con proveedores especializados. Ello supone que los datos de env\u00edos telem\u00e1ticos en alg\u00fan momento se almacenar\u00e1n en estos servidores de terceros con los que Q2 FLEET SERVICES SL tiene firmados las correspondientes cl\u00e1usulas de confidencialidad.<\/p><p><strong>\u00a0<\/strong><\/p><p><strong>\u00bfCu\u00e1les son sus derechos cuando nos facilita sus datos?<\/strong><\/p><p>Las personas interesadas tienen derecho a\u00a0acceder\u00a0a sus datos personales, as\u00ed como a solicitar la\u00a0rectificaci\u00f3n de los datos inexactos o, en su caso, solicitar su\u00a0supresi\u00f3n\u00a0cuando, entre otros motivos, los datos ya no sean necesarios para los fines que fueron recogidos. Adem\u00e1s tendr\u00e1n derecho a solicitar la\u00a0limitaci\u00f3n\u00a0de su tratamiento y a\u00a0oponerse\u00a0a este y tambi\u00e9n tendr\u00e1n derecho a la\u00a0portabilidad\u00a0de sus datos personales conforme a lo establecido en el Reglamento de Protecci\u00f3n de Datos sancionado por la Uni\u00f3n Europea.<\/p><p>En determinadas circunstancias, los interesados podr\u00e1n solicitar la limitaci\u00f3n del tratamiento de sus datos, en cuyo caso \u00fanicamente los conservaremos para el ejercicio o la defensa de reclamaciones.<\/p><p>En determinadas circunstancias y por motivos relacionados con su situaci\u00f3n particular, los interesados podr\u00e1n oponerse al tratamiento de sus datos. Q2 FLEET SERVICES SL dejar\u00e1 de tratar los datos, salvo por motivos leg\u00edtimos o el ejercicio o la defensa de posibles reclamaciones.<\/p><p>Para el ejercicio de los derechos establecidos por la ley y los cu\u00e1les han sido descritos anteriormente, hay que dirigirse por escrito a EL Q2 FLEET SERVICES SL.<\/p><p>Si el interesado lo solicita, Q2 FLEET SERVICES SL \u00a0le facilitar\u00e1 el formulario correspondiente para ejercer cualquiera de sus derechos.<\/p><p>Adem\u00e1s, aquellos interesados que deseen saber m\u00e1s informaci\u00f3n sobre sus derechos podr\u00e1n obtenerla llamando a los tel\u00e9fonos 901.100.099 \/ 91.266.35.17 de la Agencia Espa\u00f1ola de Protecci\u00f3n de Datos o en su p\u00e1gina web, en el siguiente enlace:<\/p><p><a href=\"http:\/\/www.agpd.es\/portalwebAGPD\/CanalDelCiudadano\/derechos\/index-ides-idphp.php\">http:\/\/www.agpd.es\/portalwebAGPD\/CanalDelCiudadano\/derechos\/index-ides-idphp.php<\/a><\/p><p>Asimismo, todos aquellos interesados que no hayan obtenido satisfacci\u00f3n en el ejercicio de sus derechos podr\u00e1n presentar una reclamaci\u00f3n ante la Agencia Espa\u00f1ola de Protecci\u00f3n de Datos, situada en la calle Jorge Juan, 6 28001-Madrid. www.agpd.es.<\/p><p><!-- \/wp:paragraph --><\/p>\t\t\t\t\t\t\t\t<\/div>\n\t\t\t\t<\/div>\n\t\t\t\t\t<\/div>\n\t\t<\/div>\n\t\t\t\t\t<\/div>\n\t\t<\/section>\n\t\t\t\t<\/div>\n\t\t","protected":false},"excerpt":{"rendered":"<p>\u00a0 INFORMACI\u00d3N B\u00c1SICA SOBRE PROTECCION DE DATOS Responsable Finalidad El mantenimiento de la comunicaci\u00f3n entre ambas partes, la resoluci\u00f3n de dudas y consultas planteadas, y para facilitar el acceso a nuestros clientes y contactos a informaci\u00f3n referente a nuestros servicios. Legitimaci\u00f3n Consentimiento del interesado o de su representante legal al rellenar el formulario de la [&hellip;]<\/p>\n","protected":false},"author":1,"featured_media":0,"parent":0,"menu_order":0,"comment_status":"closed","ping_status":"closed","template":"","meta":{"footnotes":""},"class_list":["post-3","page","type-page","status-publish","hentry"],"yoast_head":"<!-- This site is optimized with the Yoast SEO plugin v27.2 - https:\/\/yoast.com\/product\/yoast-seo-wordpress\/ -->\n<title>Pol\u00edtica de privacidad - Natural Tempos<\/title>\n<meta name=\"description\" content=\"\u00a0INFORMACI\u00d3N B\u00c1SICA SOBRE PROTECCION DE DATOSResponsableFinalidadEl mantenimiento de la comunicaci\u00f3n entre ambas partes, la resoluci\u00f3n de dudas y\" \/>\n<meta name=\"robots\" content=\"noindex, nofollow\" \/>\n<meta property=\"og:locale\" content=\"en_US\" \/>\n<meta property=\"og:type\" content=\"article\" \/>\n<meta property=\"og:title\" content=\"Pol\u00edtica de privacidad - Natural Tempos\" \/>\n<meta property=\"og:description\" content=\"\u00a0INFORMACI\u00d3N B\u00c1SICA SOBRE PROTECCION DE DATOSResponsableFinalidadEl mantenimiento de la comunicaci\u00f3n entre ambas partes, la resoluci\u00f3n de dudas y\" \/>\n<meta property=\"og:url\" content=\"https:\/\/naturaltempos.dog\/politica-de-privacidad\/\" \/>\n<meta property=\"og:site_name\" content=\"Natural Tempos\" \/>\n<meta property=\"article:modified_time\" content=\"2022-05-31T06:39:05+00:00\" \/>\n<meta name=\"twitter:card\" content=\"summary_large_image\" \/>\n<meta name=\"twitter:label1\" content=\"Est. reading time\" \/>\n\t<meta name=\"twitter:data1\" content=\"4 minutes\" \/>\n<script type=\"application\/ld+json\" class=\"yoast-schema-graph\">{\"@context\":\"https:\/\/schema.org\",\"@graph\":[{\"@type\":\"WebPage\",\"@id\":\"https:\/\/naturaltempos.dog\/politica-de-privacidad\/\",\"url\":\"https:\/\/naturaltempos.dog\/politica-de-privacidad\/\",\"name\":\"Pol\u00edtica de privacidad - Natural Tempos\",\"isPartOf\":{\"@id\":\"https:\/\/naturaltempos.dog\/#website\"},\"datePublished\":\"2021-05-03T04:55:41+00:00\",\"dateModified\":\"2022-05-31T06:39:05+00:00\",\"description\":\"\u00a0INFORMACI\u00d3N B\u00c1SICA SOBRE PROTECCION DE DATOSResponsableFinalidadEl mantenimiento de la comunicaci\u00f3n entre ambas partes, la resoluci\u00f3n de dudas y\",\"breadcrumb\":{\"@id\":\"https:\/\/naturaltempos.dog\/politica-de-privacidad\/#breadcrumb\"},\"inLanguage\":\"en-US\",\"potentialAction\":[{\"@type\":\"ReadAction\",\"target\":[\"https:\/\/naturaltempos.dog\/politica-de-privacidad\/\"]}]},{\"@type\":\"BreadcrumbList\",\"@id\":\"https:\/\/naturaltempos.dog\/politica-de-privacidad\/#breadcrumb\",\"itemListElement\":[{\"@type\":\"ListItem\",\"position\":1,\"name\":\"Inicio\",\"item\":\"https:\/\/naturaltempos.dog\/\"},{\"@type\":\"ListItem\",\"position\":2,\"name\":\"Pol\u00edtica de privacidad\"}]},{\"@type\":\"WebSite\",\"@id\":\"https:\/\/naturaltempos.dog\/#website\",\"url\":\"https:\/\/naturaltempos.dog\/\",\"name\":\"Natural Tempos\",\"description\":\"\",\"publisher\":{\"@id\":\"https:\/\/naturaltempos.dog\/#organization\"},\"potentialAction\":[{\"@type\":\"SearchAction\",\"target\":{\"@type\":\"EntryPoint\",\"urlTemplate\":\"https:\/\/naturaltempos.dog\/?s={search_term_string}\"},\"query-input\":{\"@type\":\"PropertyValueSpecification\",\"valueRequired\":true,\"valueName\":\"search_term_string\"}}],\"inLanguage\":\"en-US\"},{\"@type\":\"Organization\",\"@id\":\"https:\/\/naturaltempos.dog\/#organization\",\"name\":\"Natural Tempos\",\"url\":\"https:\/\/naturaltempos.dog\/\",\"logo\":{\"@type\":\"ImageObject\",\"inLanguage\":\"en-US\",\"@id\":\"https:\/\/naturaltempos.dog\/#\/schema\/logo\/image\/\",\"url\":\"https:\/\/naturaltempos.dog\/wp-content\/uploads\/2022\/02\/logotipo-natural-tempos-1.svg\",\"contentUrl\":\"https:\/\/naturaltempos.dog\/wp-content\/uploads\/2022\/02\/logotipo-natural-tempos-1.svg\",\"width\":879.06,\"height\":659.68,\"caption\":\"Natural Tempos\"},\"image\":{\"@id\":\"https:\/\/naturaltempos.dog\/#\/schema\/logo\/image\/\"}}]}<\/script>\n<!-- \/ Yoast SEO plugin. -->","yoast_head_json":{"title":"Pol\u00edtica de privacidad - Natural Tempos","description":"\u00a0INFORMACI\u00d3N B\u00c1SICA SOBRE PROTECCION DE DATOSResponsableFinalidadEl mantenimiento de la comunicaci\u00f3n entre ambas partes, la resoluci\u00f3n de dudas y","robots":{"index":"noindex","follow":"nofollow"},"og_locale":"en_US","og_type":"article","og_title":"Pol\u00edtica de privacidad - Natural Tempos","og_description":"\u00a0INFORMACI\u00d3N B\u00c1SICA SOBRE PROTECCION DE DATOSResponsableFinalidadEl mantenimiento de la comunicaci\u00f3n entre ambas partes, la resoluci\u00f3n de dudas y","og_url":"https:\/\/naturaltempos.dog\/politica-de-privacidad\/","og_site_name":"Natural Tempos","article_modified_time":"2022-05-31T06:39:05+00:00","twitter_card":"summary_large_image","twitter_misc":{"Est. reading time":"4 minutes"},"schema":{"@context":"https:\/\/schema.org","@graph":[{"@type":"WebPage","@id":"https:\/\/naturaltempos.dog\/politica-de-privacidad\/","url":"https:\/\/naturaltempos.dog\/politica-de-privacidad\/","name":"Pol\u00edtica de privacidad - Natural Tempos","isPartOf":{"@id":"https:\/\/naturaltempos.dog\/#website"},"datePublished":"2021-05-03T04:55:41+00:00","dateModified":"2022-05-31T06:39:05+00:00","description":"\u00a0INFORMACI\u00d3N B\u00c1SICA SOBRE PROTECCION DE DATOSResponsableFinalidadEl mantenimiento de la comunicaci\u00f3n entre ambas partes, la resoluci\u00f3n de dudas y","breadcrumb":{"@id":"https:\/\/naturaltempos.dog\/politica-de-privacidad\/#breadcrumb"},"inLanguage":"en-US","potentialAction":[{"@type":"ReadAction","target":["https:\/\/naturaltempos.dog\/politica-de-privacidad\/"]}]},{"@type":"BreadcrumbList","@id":"https:\/\/naturaltempos.dog\/politica-de-privacidad\/#breadcrumb","itemListElement":[{"@type":"ListItem","position":1,"name":"Inicio","item":"https:\/\/naturaltempos.dog\/"},{"@type":"ListItem","position":2,"name":"Pol\u00edtica de privacidad"}]},{"@type":"WebSite","@id":"https:\/\/naturaltempos.dog\/#website","url":"https:\/\/naturaltempos.dog\/","name":"Natural Tempos","description":"","publisher":{"@id":"https:\/\/naturaltempos.dog\/#organization"},"potentialAction":[{"@type":"SearchAction","target":{"@type":"EntryPoint","urlTemplate":"https:\/\/naturaltempos.dog\/?s={search_term_string}"},"query-input":{"@type":"PropertyValueSpecification","valueRequired":true,"valueName":"search_term_string"}}],"inLanguage":"en-US"},{"@type":"Organization","@id":"https:\/\/naturaltempos.dog\/#organization","name":"Natural Tempos","url":"https:\/\/naturaltempos.dog\/","logo":{"@type":"ImageObject","inLanguage":"en-US","@id":"https:\/\/naturaltempos.dog\/#\/schema\/logo\/image\/","url":"https:\/\/naturaltempos.dog\/wp-content\/uploads\/2022\/02\/logotipo-natural-tempos-1.svg","contentUrl":"https:\/\/naturaltempos.dog\/wp-content\/uploads\/2022\/02\/logotipo-natural-tempos-1.svg","width":879.06,"height":659.68,"caption":"Natural Tempos"},"image":{"@id":"https:\/\/naturaltempos.dog\/#\/schema\/logo\/image\/"}}]}},"_links":{"self":[{"href":"https:\/\/naturaltempos.dog\/en\/wp-json\/wp\/v2\/pages\/3","targetHints":{"allow":["GET"]}}],"collection":[{"href":"https:\/\/naturaltempos.dog\/en\/wp-json\/wp\/v2\/pages"}],"about":[{"href":"https:\/\/naturaltempos.dog\/en\/wp-json\/wp\/v2\/types\/page"}],"author":[{"embeddable":true,"href":"https:\/\/naturaltempos.dog\/en\/wp-json\/wp\/v2\/users\/1"}],"replies":[{"embeddable":true,"href":"https:\/\/naturaltempos.dog\/en\/wp-json\/wp\/v2\/comments?post=3"}],"version-history":[{"count":0,"href":"https:\/\/naturaltempos.dog\/en\/wp-json\/wp\/v2\/pages\/3\/revisions"}],"wp:attachment":[{"href":"https:\/\/naturaltempos.dog\/en\/wp-json\/wp\/v2\/media?parent=3"}],"curies":[{"name":"wp","href":"https:\/\/api.w.org\/{rel}","templated":true}]}}