{"id":4294,"date":"2024-05-22T14:32:55","date_gmt":"2024-05-22T12:32:55","guid":{"rendered":"https:\/\/naturaltempos.dog\/?page_id=4294"},"modified":"2025-07-10T10:09:26","modified_gmt":"2025-07-10T08:09:26","slug":"mis-libros","status":"publish","type":"page","link":"https:\/\/naturaltempos.dog\/en\/mis-libros\/","title":{"rendered":"Mis libros"},"content":{"rendered":"\t\t<div data-elementor-type=\"wp-page\" data-elementor-id=\"4294\" class=\"elementor elementor-4294\" data-elementor-post-type=\"page\">\n\t\t\t\t\t\t<section class=\"elementor-section elementor-top-section elementor-element elementor-element-9be7edf elementor-section-boxed elementor-section-height-default elementor-section-height-default\" data-id=\"9be7edf\" data-element_type=\"section\" data-e-type=\"section\" data-settings=\"{&quot;jet_parallax_layout_list&quot;:[{&quot;_id&quot;:&quot;255bdbe&quot;,&quot;jet_parallax_layout_image&quot;:{&quot;url&quot;:&quot;&quot;,&quot;id&quot;:&quot;&quot;,&quot;size&quot;:&quot;&quot;},&quot;jet_parallax_layout_image_tablet&quot;:{&quot;url&quot;:&quot;&quot;,&quot;id&quot;:&quot;&quot;,&quot;size&quot;:&quot;&quot;},&quot;jet_parallax_layout_image_mobile&quot;:{&quot;url&quot;:&quot;&quot;,&quot;id&quot;:&quot;&quot;,&quot;size&quot;:&quot;&quot;},&quot;jet_parallax_layout_speed&quot;:{&quot;unit&quot;:&quot;%&quot;,&quot;size&quot;:50,&quot;sizes&quot;:[]},&quot;jet_parallax_layout_type&quot;:&quot;scroll&quot;,&quot;jet_parallax_layout_direction&quot;:&quot;1&quot;,&quot;jet_parallax_layout_fx_direction&quot;:null,&quot;jet_parallax_layout_z_index&quot;:&quot;&quot;,&quot;jet_parallax_layout_bg_x&quot;:50,&quot;jet_parallax_layout_bg_x_tablet&quot;:&quot;&quot;,&quot;jet_parallax_layout_bg_x_mobile&quot;:&quot;&quot;,&quot;jet_parallax_layout_bg_y&quot;:50,&quot;jet_parallax_layout_bg_y_tablet&quot;:&quot;&quot;,&quot;jet_parallax_layout_bg_y_mobile&quot;:&quot;&quot;,&quot;jet_parallax_layout_bg_size&quot;:&quot;auto&quot;,&quot;jet_parallax_layout_bg_size_tablet&quot;:&quot;&quot;,&quot;jet_parallax_layout_bg_size_mobile&quot;:&quot;&quot;,&quot;jet_parallax_layout_animation_prop&quot;:&quot;transform&quot;,&quot;jet_parallax_layout_on&quot;:[&quot;desktop&quot;,&quot;tablet&quot;]}],&quot;tmp_custom_cursor&quot;:&quot;disable&quot;}\">\n\t\t\t\t\t\t<div class=\"elementor-container elementor-column-gap-default\">\n\t\t\t\t\t<div class=\"elementor-column elementor-col-100 elementor-top-column elementor-element elementor-element-7e670d6\" data-id=\"7e670d6\" data-element_type=\"column\" data-e-type=\"column\" data-settings=\"{&quot;tmp_custom_cursor&quot;:&quot;disable&quot;}\">\n\t\t\t<div class=\"elementor-widget-wrap elementor-element-populated\">\n\t\t\t\t\t\t<div class=\"elementor-element elementor-element-4c5a6f5 elementor-widget elementor-widget-heading\" data-id=\"4c5a6f5\" data-element_type=\"widget\" data-e-type=\"widget\" data-widget_type=\"heading.default\">\n\t\t\t\t<div class=\"elementor-widget-container\">\n\t\t\t\t\t<h1 class=\"elementor-heading-title elementor-size-default\">Mis libros<\/h1>\t\t\t\t<\/div>\n\t\t\t\t<\/div>\n\t\t\t\t<div class=\"elementor-element elementor-element-1d4a445 elementor-widget__width-auto elementor-widget-divider--view-line elementor-widget elementor-widget-divider\" data-id=\"1d4a445\" data-element_type=\"widget\" data-e-type=\"widget\" data-widget_type=\"divider.default\">\n\t\t\t\t<div class=\"elementor-widget-container\">\n\t\t\t\t\t\t\t<div class=\"elementor-divider\">\n\t\t\t<span class=\"elementor-divider-separator\">\n\t\t\t\t\t\t<\/span>\n\t\t<\/div>\n\t\t\t\t\t\t<\/div>\n\t\t\t\t<\/div>\n\t\t\t\t<div class=\"elementor-element elementor-element-a88c69f elementor-widget elementor-widget-heading\" data-id=\"a88c69f\" data-element_type=\"widget\" data-e-type=\"widget\" data-widget_type=\"heading.default\">\n\t\t\t\t<div class=\"elementor-widget-container\">\n\t\t\t\t\t<p class=\"elementor-heading-title elementor-size-default\">La cruda ansiedad canina<\/p>\t\t\t\t<\/div>\n\t\t\t\t<\/div>\n\t\t\t\t<div class=\"elementor-element elementor-element-8db1b67 elementor-widget__width-initial elementor-widget elementor-widget-text-editor\" data-id=\"8db1b67\" data-element_type=\"widget\" data-e-type=\"widget\" data-widget_type=\"text-editor.default\">\n\t\t\t\t<div class=\"elementor-widget-container\">\n\t\t\t\t\t\t\t\t\t<p>&#8220;<i>La cruda ansiedad canina<\/i>&#8221; ofrece una visi\u00f3n integral sobre la ansiedad en los perros, un problema considerado pand\u00e9mico que afecta a millones de perros a menudo de forma silenciosa.<\/p><p dir=\"ltr\" data-pm-slice=\"1 1 []\">Esta visi\u00f3n te ayuda a entender y transformar su ansiedad con un enfoque global y pr\u00e1ctico.<\/p><p dir=\"ltr\">Mostr\u00e1ndote soluciones diarias para eliminar las causas de la ansiedad y a construir una relaci\u00f3n basada en confianza, seguridad y bienestar.<\/p><p dir=\"ltr\"><strong>Un libro que cambia la vida de los perros y las nuestras.<\/strong><\/p><p><a href=\"https:\/\/naturaltempos.dog\/referencias-cruda-ansiedad-canina\/\" target=\"_blank\" rel=\"noopener\">Referencias biliogr\u00e1ficas<\/a><\/p>\t\t\t\t\t\t\t\t<\/div>\n\t\t\t\t<\/div>\n\t\t\t\t<section class=\"elementor-section elementor-inner-section elementor-element elementor-element-a4219f0 elementor-section-full_width elementor-section-height-default elementor-section-height-default\" data-id=\"a4219f0\" data-element_type=\"section\" data-e-type=\"section\" data-settings=\"{&quot;jet_parallax_layout_list&quot;:[],&quot;tmp_custom_cursor&quot;:&quot;disable&quot;}\">\n\t\t\t\t\t\t<div class=\"elementor-container elementor-column-gap-custom\">\n\t\t\t\t\t<div class=\"elementor-column elementor-col-50 elementor-inner-column elementor-element elementor-element-fc4039a\" data-id=\"fc4039a\" data-element_type=\"column\" data-e-type=\"column\" data-settings=\"{&quot;tmp_custom_cursor&quot;:&quot;disable&quot;}\">\n\t\t\t<div class=\"elementor-widget-wrap elementor-element-populated\">\n\t\t\t\t\t\t<div class=\"elementor-element elementor-element-5a41320 elementor-widget elementor-widget-image\" data-id=\"5a41320\" data-element_type=\"widget\" data-e-type=\"widget\" data-widget_type=\"image.default\">\n\t\t\t\t<div class=\"elementor-widget-container\">\n\t\t\t\t\t\t\t\t\t\t\t\t\t\t\t\t<a href=\"https:\/\/www.naturaltempos.com\/libro-cruda-ansiedad-canina\">\n\t\t\t\t\t\t\t<img fetchpriority=\"high\" decoding=\"async\" width=\"800\" height=\"671\" src=\"https:\/\/naturaltempos.dog\/wp-content\/uploads\/2024\/05\/Imagen-para-web-libro-papel.jpg\" class=\"attachment-large size-large wp-image-4303\" alt=\"Libro en papel compra\" srcset=\"https:\/\/naturaltempos.dog\/wp-content\/uploads\/2024\/05\/Imagen-para-web-libro-papel.jpg 940w, https:\/\/naturaltempos.dog\/wp-content\/uploads\/2024\/05\/Imagen-para-web-libro-papel-300x251.jpg 300w, https:\/\/naturaltempos.dog\/wp-content\/uploads\/2024\/05\/Imagen-para-web-libro-papel-768x644.jpg 768w, https:\/\/naturaltempos.dog\/wp-content\/uploads\/2024\/05\/Imagen-para-web-libro-papel-600x503.jpg 600w\" sizes=\"(max-width: 800px) 100vw, 800px\" \/>\t\t\t\t\t\t\t\t<\/a>\n\t\t\t\t\t\t\t\t\t\t\t\t\t\t\t<\/div>\n\t\t\t\t<\/div>\n\t\t\t\t\t<\/div>\n\t\t<\/div>\n\t\t\t\t<div class=\"elementor-column elementor-col-50 elementor-inner-column elementor-element elementor-element-ac306c1\" data-id=\"ac306c1\" data-element_type=\"column\" data-e-type=\"column\" data-settings=\"{&quot;tmp_custom_cursor&quot;:&quot;disable&quot;}\">\n\t\t\t<div class=\"elementor-widget-wrap elementor-element-populated\">\n\t\t\t\t\t\t<div class=\"elementor-element elementor-element-c680646 elementor-widget elementor-widget-image\" data-id=\"c680646\" data-element_type=\"widget\" data-e-type=\"widget\" data-widget_type=\"image.default\">\n\t\t\t\t<div class=\"elementor-widget-container\">\n\t\t\t\t\t\t\t\t\t\t\t\t\t\t\t\t<a href=\"https:\/\/www.naturaltempos.com\/libro-cruda-ansiedad-canina\" target=\"_blank\" rel=\"nofollow\">\n\t\t\t\t\t\t\t<img decoding=\"async\" width=\"800\" height=\"671\" src=\"https:\/\/naturaltempos.dog\/wp-content\/uploads\/2024\/05\/Imagen-para-web-ebook.jpg\" class=\"attachment-large size-large wp-image-4306\" alt=\"\" srcset=\"https:\/\/naturaltempos.dog\/wp-content\/uploads\/2024\/05\/Imagen-para-web-ebook.jpg 940w, https:\/\/naturaltempos.dog\/wp-content\/uploads\/2024\/05\/Imagen-para-web-ebook-300x251.jpg 300w, https:\/\/naturaltempos.dog\/wp-content\/uploads\/2024\/05\/Imagen-para-web-ebook-768x644.jpg 768w, https:\/\/naturaltempos.dog\/wp-content\/uploads\/2024\/05\/Imagen-para-web-ebook-600x503.jpg 600w\" sizes=\"(max-width: 800px) 100vw, 800px\" \/>\t\t\t\t\t\t\t\t<\/a>\n\t\t\t\t\t\t\t\t\t\t\t\t\t\t\t<\/div>\n\t\t\t\t<\/div>\n\t\t\t\t\t<\/div>\n\t\t<\/div>\n\t\t\t\t\t<\/div>\n\t\t<\/section>\n\t\t\t\t\t<\/div>\n\t\t<\/div>\n\t\t\t\t\t<\/div>\n\t\t<\/section>\n\t\t\t\t<\/div>\n\t\t","protected":false},"excerpt":{"rendered":"<p>Mis libros La cruda ansiedad canina &#8220;La cruda ansiedad canina&#8221; ofrece una visi\u00f3n integral sobre la ansiedad en los perros, un problema considerado pand\u00e9mico que afecta a millones de perros a menudo de forma silenciosa. Esta visi\u00f3n te ayuda a entender y transformar su ansiedad con un enfoque global y pr\u00e1ctico. Mostr\u00e1ndote soluciones diarias para [&hellip;]<\/p>\n","protected":false},"author":1,"featured_media":0,"parent":0,"menu_order":0,"comment_status":"closed","ping_status":"closed","template":"","meta":{"footnotes":""},"class_list":["post-4294","page","type-page","status-publish","hentry"],"yoast_head":"<!-- This site is optimized with the Yoast SEO plugin v27.2 - https:\/\/yoast.com\/product\/yoast-seo-wordpress\/ -->\n<title>Mis libros - Natural Tempos<\/title>\n<meta name=\"description\" content=\"Mis libros La cruda ansiedad canina &quot;La cruda ansiedad canina&quot; ofrece una visi\u00f3n integral sobre la ansiedad en los perros, un problema considerado\" \/>\n<meta name=\"robots\" content=\"index, follow, max-snippet:-1, max-image-preview:large, max-video-preview:-1\" \/>\n<link rel=\"canonical\" href=\"https:\/\/naturaltempos.dog\/mis-libros\/\" \/>\n<meta property=\"og:locale\" content=\"en_US\" \/>\n<meta property=\"og:type\" content=\"article\" \/>\n<meta property=\"og:title\" content=\"Mis libros - Natural Tempos\" \/>\n<meta property=\"og:description\" content=\"Mis libros La cruda ansiedad canina &quot;La cruda ansiedad canina&quot; ofrece una visi\u00f3n integral sobre la ansiedad en los perros, un problema considerado\" \/>\n<meta property=\"og:url\" content=\"https:\/\/naturaltempos.dog\/mis-libros\/\" \/>\n<meta property=\"og:site_name\" content=\"Natural Tempos\" \/>\n<meta property=\"article:modified_time\" content=\"2025-07-10T08:09:26+00:00\" \/>\n<meta property=\"og:image\" content=\"https:\/\/naturaltempos.dog\/wp-content\/uploads\/2024\/05\/Imagen-para-web-libro-papel.jpg\" \/>\n\t<meta property=\"og:image:width\" content=\"940\" \/>\n\t<meta property=\"og:image:height\" content=\"788\" \/>\n\t<meta property=\"og:image:type\" content=\"image\/jpeg\" \/>\n<meta name=\"twitter:card\" content=\"summary_large_image\" \/>\n<meta name=\"twitter:label1\" content=\"Est. reading time\" \/>\n\t<meta name=\"twitter:data1\" content=\"1 minute\" \/>\n<script type=\"application\/ld+json\" class=\"yoast-schema-graph\">{\"@context\":\"https:\/\/schema.org\",\"@graph\":[{\"@type\":\"WebPage\",\"@id\":\"https:\/\/naturaltempos.dog\/mis-libros\/\",\"url\":\"https:\/\/naturaltempos.dog\/mis-libros\/\",\"name\":\"Mis libros - Natural Tempos\",\"isPartOf\":{\"@id\":\"https:\/\/naturaltempos.dog\/#website\"},\"primaryImageOfPage\":{\"@id\":\"https:\/\/naturaltempos.dog\/mis-libros\/#primaryimage\"},\"image\":{\"@id\":\"https:\/\/naturaltempos.dog\/mis-libros\/#primaryimage\"},\"thumbnailUrl\":\"https:\/\/naturaltempos.dog\/wp-content\/uploads\/2024\/05\/Imagen-para-web-libro-papel.jpg\",\"datePublished\":\"2024-05-22T12:32:55+00:00\",\"dateModified\":\"2025-07-10T08:09:26+00:00\",\"description\":\"Mis libros La cruda ansiedad canina \\\"La cruda ansiedad canina\\\" ofrece una visi\u00f3n integral sobre la ansiedad en los perros, un problema considerado\",\"breadcrumb\":{\"@id\":\"https:\/\/naturaltempos.dog\/mis-libros\/#breadcrumb\"},\"inLanguage\":\"en-US\",\"potentialAction\":[{\"@type\":\"ReadAction\",\"target\":[\"https:\/\/naturaltempos.dog\/mis-libros\/\"]}]},{\"@type\":\"ImageObject\",\"inLanguage\":\"en-US\",\"@id\":\"https:\/\/naturaltempos.dog\/mis-libros\/#primaryimage\",\"url\":\"https:\/\/naturaltempos.dog\/wp-content\/uploads\/2024\/05\/Imagen-para-web-libro-papel.jpg\",\"contentUrl\":\"https:\/\/naturaltempos.dog\/wp-content\/uploads\/2024\/05\/Imagen-para-web-libro-papel.jpg\"},{\"@type\":\"BreadcrumbList\",\"@id\":\"https:\/\/naturaltempos.dog\/mis-libros\/#breadcrumb\",\"itemListElement\":[{\"@type\":\"ListItem\",\"position\":1,\"name\":\"Inicio\",\"item\":\"https:\/\/naturaltempos.dog\/\"},{\"@type\":\"ListItem\",\"position\":2,\"name\":\"Mis libros\"}]},{\"@type\":\"WebSite\",\"@id\":\"https:\/\/naturaltempos.dog\/#website\",\"url\":\"https:\/\/naturaltempos.dog\/\",\"name\":\"Natural Tempos\",\"description\":\"\",\"publisher\":{\"@id\":\"https:\/\/naturaltempos.dog\/#organization\"},\"potentialAction\":[{\"@type\":\"SearchAction\",\"target\":{\"@type\":\"EntryPoint\",\"urlTemplate\":\"https:\/\/naturaltempos.dog\/?s={search_term_string}\"},\"query-input\":{\"@type\":\"PropertyValueSpecification\",\"valueRequired\":true,\"valueName\":\"search_term_string\"}}],\"inLanguage\":\"en-US\"},{\"@type\":\"Organization\",\"@id\":\"https:\/\/naturaltempos.dog\/#organization\",\"name\":\"Natural Tempos\",\"url\":\"https:\/\/naturaltempos.dog\/\",\"logo\":{\"@type\":\"ImageObject\",\"inLanguage\":\"en-US\",\"@id\":\"https:\/\/naturaltempos.dog\/#\/schema\/logo\/image\/\",\"url\":\"https:\/\/naturaltempos.dog\/wp-content\/uploads\/2022\/02\/logotipo-natural-tempos-1.svg\",\"contentUrl\":\"https:\/\/naturaltempos.dog\/wp-content\/uploads\/2022\/02\/logotipo-natural-tempos-1.svg\",\"width\":879.06,\"height\":659.68,\"caption\":\"Natural Tempos\"},\"image\":{\"@id\":\"https:\/\/naturaltempos.dog\/#\/schema\/logo\/image\/\"}}]}<\/script>\n<!-- \/ Yoast SEO plugin. -->","yoast_head_json":{"title":"Mis libros - Natural Tempos","description":"Mis libros La cruda ansiedad canina \"La cruda ansiedad canina\" ofrece una visi\u00f3n integral sobre la ansiedad en los perros, un problema considerado","robots":{"index":"index","follow":"follow","max-snippet":"max-snippet:-1","max-image-preview":"max-image-preview:large","max-video-preview":"max-video-preview:-1"},"canonical":"https:\/\/naturaltempos.dog\/mis-libros\/","og_locale":"en_US","og_type":"article","og_title":"Mis libros - Natural Tempos","og_description":"Mis libros La cruda ansiedad canina \"La cruda ansiedad canina\" ofrece una visi\u00f3n integral sobre la ansiedad en los perros, un problema considerado","og_url":"https:\/\/naturaltempos.dog\/mis-libros\/","og_site_name":"Natural Tempos","article_modified_time":"2025-07-10T08:09:26+00:00","og_image":[{"width":940,"height":788,"url":"https:\/\/naturaltempos.dog\/wp-content\/uploads\/2024\/05\/Imagen-para-web-libro-papel.jpg","type":"image\/jpeg"}],"twitter_card":"summary_large_image","twitter_misc":{"Est. reading time":"1 minute"},"schema":{"@context":"https:\/\/schema.org","@graph":[{"@type":"WebPage","@id":"https:\/\/naturaltempos.dog\/mis-libros\/","url":"https:\/\/naturaltempos.dog\/mis-libros\/","name":"Mis libros - Natural Tempos","isPartOf":{"@id":"https:\/\/naturaltempos.dog\/#website"},"primaryImageOfPage":{"@id":"https:\/\/naturaltempos.dog\/mis-libros\/#primaryimage"},"image":{"@id":"https:\/\/naturaltempos.dog\/mis-libros\/#primaryimage"},"thumbnailUrl":"https:\/\/naturaltempos.dog\/wp-content\/uploads\/2024\/05\/Imagen-para-web-libro-papel.jpg","datePublished":"2024-05-22T12:32:55+00:00","dateModified":"2025-07-10T08:09:26+00:00","description":"Mis libros La cruda ansiedad canina \"La cruda ansiedad canina\" ofrece una visi\u00f3n integral sobre la ansiedad en los perros, un problema considerado","breadcrumb":{"@id":"https:\/\/naturaltempos.dog\/mis-libros\/#breadcrumb"},"inLanguage":"en-US","potentialAction":[{"@type":"ReadAction","target":["https:\/\/naturaltempos.dog\/mis-libros\/"]}]},{"@type":"ImageObject","inLanguage":"en-US","@id":"https:\/\/naturaltempos.dog\/mis-libros\/#primaryimage","url":"https:\/\/naturaltempos.dog\/wp-content\/uploads\/2024\/05\/Imagen-para-web-libro-papel.jpg","contentUrl":"https:\/\/naturaltempos.dog\/wp-content\/uploads\/2024\/05\/Imagen-para-web-libro-papel.jpg"},{"@type":"BreadcrumbList","@id":"https:\/\/naturaltempos.dog\/mis-libros\/#breadcrumb","itemListElement":[{"@type":"ListItem","position":1,"name":"Inicio","item":"https:\/\/naturaltempos.dog\/"},{"@type":"ListItem","position":2,"name":"Mis libros"}]},{"@type":"WebSite","@id":"https:\/\/naturaltempos.dog\/#website","url":"https:\/\/naturaltempos.dog\/","name":"Natural Tempos","description":"","publisher":{"@id":"https:\/\/naturaltempos.dog\/#organization"},"potentialAction":[{"@type":"SearchAction","target":{"@type":"EntryPoint","urlTemplate":"https:\/\/naturaltempos.dog\/?s={search_term_string}"},"query-input":{"@type":"PropertyValueSpecification","valueRequired":true,"valueName":"search_term_string"}}],"inLanguage":"en-US"},{"@type":"Organization","@id":"https:\/\/naturaltempos.dog\/#organization","name":"Natural Tempos","url":"https:\/\/naturaltempos.dog\/","logo":{"@type":"ImageObject","inLanguage":"en-US","@id":"https:\/\/naturaltempos.dog\/#\/schema\/logo\/image\/","url":"https:\/\/naturaltempos.dog\/wp-content\/uploads\/2022\/02\/logotipo-natural-tempos-1.svg","contentUrl":"https:\/\/naturaltempos.dog\/wp-content\/uploads\/2022\/02\/logotipo-natural-tempos-1.svg","width":879.06,"height":659.68,"caption":"Natural Tempos"},"image":{"@id":"https:\/\/naturaltempos.dog\/#\/schema\/logo\/image\/"}}]}},"_links":{"self":[{"href":"https:\/\/naturaltempos.dog\/en\/wp-json\/wp\/v2\/pages\/4294","targetHints":{"allow":["GET"]}}],"collection":[{"href":"https:\/\/naturaltempos.dog\/en\/wp-json\/wp\/v2\/pages"}],"about":[{"href":"https:\/\/naturaltempos.dog\/en\/wp-json\/wp\/v2\/types\/page"}],"author":[{"embeddable":true,"href":"https:\/\/naturaltempos.dog\/en\/wp-json\/wp\/v2\/users\/1"}],"replies":[{"embeddable":true,"href":"https:\/\/naturaltempos.dog\/en\/wp-json\/wp\/v2\/comments?post=4294"}],"version-history":[{"count":23,"href":"https:\/\/naturaltempos.dog\/en\/wp-json\/wp\/v2\/pages\/4294\/revisions"}],"predecessor-version":[{"id":5142,"href":"https:\/\/naturaltempos.dog\/en\/wp-json\/wp\/v2\/pages\/4294\/revisions\/5142"}],"wp:attachment":[{"href":"https:\/\/naturaltempos.dog\/en\/wp-json\/wp\/v2\/media?parent=4294"}],"curies":[{"name":"wp","href":"https:\/\/api.w.org\/{rel}","templated":true}]}}