{"id":20,"date":"2021-05-03T07:24:56","date_gmt":"2021-05-03T07:24:56","guid":{"rendered":"https:\/\/naturaltempos.dog\/?page_id=20"},"modified":"2022-05-31T08:38:55","modified_gmt":"2022-05-31T06:38:55","slug":"aviso-legal","status":"publish","type":"page","link":"https:\/\/naturaltempos.dog\/fr\/aviso-legal\/","title":{"rendered":"Aviso legal"},"content":{"rendered":"\t\t<div data-elementor-type=\"wp-page\" data-elementor-id=\"20\" class=\"elementor elementor-20\" data-elementor-post-type=\"page\">\n\t\t\t\t\t\t<section class=\"elementor-section elementor-top-section elementor-element elementor-element-914db31 elementor-section-boxed elementor-section-height-default elementor-section-height-default\" data-id=\"914db31\" data-element_type=\"section\" data-e-type=\"section\" data-settings=\"{&quot;jet_parallax_layout_list&quot;:[{&quot;_id&quot;:&quot;255bdbe&quot;,&quot;jet_parallax_layout_image&quot;:{&quot;url&quot;:&quot;&quot;,&quot;id&quot;:&quot;&quot;,&quot;size&quot;:&quot;&quot;},&quot;jet_parallax_layout_image_tablet&quot;:{&quot;url&quot;:&quot;&quot;,&quot;id&quot;:&quot;&quot;,&quot;size&quot;:&quot;&quot;},&quot;jet_parallax_layout_image_mobile&quot;:{&quot;url&quot;:&quot;&quot;,&quot;id&quot;:&quot;&quot;,&quot;size&quot;:&quot;&quot;},&quot;jet_parallax_layout_speed&quot;:{&quot;unit&quot;:&quot;%&quot;,&quot;size&quot;:50,&quot;sizes&quot;:[]},&quot;jet_parallax_layout_type&quot;:&quot;scroll&quot;,&quot;jet_parallax_layout_direction&quot;:&quot;1&quot;,&quot;jet_parallax_layout_fx_direction&quot;:null,&quot;jet_parallax_layout_z_index&quot;:&quot;&quot;,&quot;jet_parallax_layout_bg_x&quot;:50,&quot;jet_parallax_layout_bg_x_tablet&quot;:&quot;&quot;,&quot;jet_parallax_layout_bg_x_mobile&quot;:&quot;&quot;,&quot;jet_parallax_layout_bg_y&quot;:50,&quot;jet_parallax_layout_bg_y_tablet&quot;:&quot;&quot;,&quot;jet_parallax_layout_bg_y_mobile&quot;:&quot;&quot;,&quot;jet_parallax_layout_bg_size&quot;:&quot;auto&quot;,&quot;jet_parallax_layout_bg_size_tablet&quot;:&quot;&quot;,&quot;jet_parallax_layout_bg_size_mobile&quot;:&quot;&quot;,&quot;jet_parallax_layout_animation_prop&quot;:&quot;transform&quot;,&quot;jet_parallax_layout_on&quot;:[&quot;desktop&quot;,&quot;tablet&quot;]}],&quot;background_background&quot;:&quot;classic&quot;,&quot;tmp_custom_cursor&quot;:&quot;disable&quot;}\">\n\t\t\t\t\t\t\t<div class=\"elementor-background-overlay\"><\/div>\n\t\t\t\t\t\t\t<div class=\"elementor-container elementor-column-gap-default\">\n\t\t\t\t\t<div class=\"elementor-column elementor-col-100 elementor-top-column elementor-element elementor-element-9c0d893\" data-id=\"9c0d893\" data-element_type=\"column\" data-e-type=\"column\" data-settings=\"{&quot;tmp_custom_cursor&quot;:&quot;disable&quot;}\">\n\t\t\t<div class=\"elementor-widget-wrap elementor-element-populated\">\n\t\t\t\t\t\t<div class=\"elementor-element elementor-element-44a2a29 elementor-widget elementor-widget-heading\" data-id=\"44a2a29\" data-element_type=\"widget\" data-e-type=\"widget\" data-widget_type=\"heading.default\">\n\t\t\t\t<div class=\"elementor-widget-container\">\n\t\t\t\t\t<h1 class=\"elementor-heading-title elementor-size-default\">Aviso legal<\/h1>\t\t\t\t<\/div>\n\t\t\t\t<\/div>\n\t\t\t\t\t<\/div>\n\t\t<\/div>\n\t\t\t\t\t<\/div>\n\t\t<\/section>\n\t\t\t\t<section class=\"elementor-section elementor-top-section elementor-element elementor-element-f799df2 elementor-section-boxed elementor-section-height-default elementor-section-height-default\" data-id=\"f799df2\" data-element_type=\"section\" data-e-type=\"section\" data-settings=\"{&quot;jet_parallax_layout_list&quot;:[{&quot;jet_parallax_layout_image&quot;:{&quot;url&quot;:&quot;&quot;,&quot;id&quot;:&quot;&quot;,&quot;size&quot;:&quot;&quot;},&quot;_id&quot;:&quot;6c5a817&quot;,&quot;jet_parallax_layout_image_tablet&quot;:{&quot;url&quot;:&quot;&quot;,&quot;id&quot;:&quot;&quot;,&quot;size&quot;:&quot;&quot;},&quot;jet_parallax_layout_image_mobile&quot;:{&quot;url&quot;:&quot;&quot;,&quot;id&quot;:&quot;&quot;,&quot;size&quot;:&quot;&quot;},&quot;jet_parallax_layout_speed&quot;:{&quot;unit&quot;:&quot;%&quot;,&quot;size&quot;:50,&quot;sizes&quot;:[]},&quot;jet_parallax_layout_type&quot;:&quot;scroll&quot;,&quot;jet_parallax_layout_direction&quot;:&quot;1&quot;,&quot;jet_parallax_layout_fx_direction&quot;:null,&quot;jet_parallax_layout_z_index&quot;:&quot;&quot;,&quot;jet_parallax_layout_bg_x&quot;:50,&quot;jet_parallax_layout_bg_x_tablet&quot;:&quot;&quot;,&quot;jet_parallax_layout_bg_x_mobile&quot;:&quot;&quot;,&quot;jet_parallax_layout_bg_y&quot;:50,&quot;jet_parallax_layout_bg_y_tablet&quot;:&quot;&quot;,&quot;jet_parallax_layout_bg_y_mobile&quot;:&quot;&quot;,&quot;jet_parallax_layout_bg_size&quot;:&quot;auto&quot;,&quot;jet_parallax_layout_bg_size_tablet&quot;:&quot;&quot;,&quot;jet_parallax_layout_bg_size_mobile&quot;:&quot;&quot;,&quot;jet_parallax_layout_animation_prop&quot;:&quot;transform&quot;,&quot;jet_parallax_layout_on&quot;:[&quot;desktop&quot;,&quot;tablet&quot;]}],&quot;tmp_custom_cursor&quot;:&quot;disable&quot;}\">\n\t\t\t\t\t\t<div class=\"elementor-container elementor-column-gap-default\">\n\t\t\t\t\t<div class=\"elementor-column elementor-col-100 elementor-top-column elementor-element elementor-element-7257bfd\" data-id=\"7257bfd\" data-element_type=\"column\" data-e-type=\"column\" data-settings=\"{&quot;tmp_custom_cursor&quot;:&quot;disable&quot;}\">\n\t\t\t<div class=\"elementor-widget-wrap elementor-element-populated\">\n\t\t\t\t\t\t<div class=\"elementor-element elementor-element-be0a6d3 elementor-widget elementor-widget-text-editor\" data-id=\"be0a6d3\" data-element_type=\"widget\" data-e-type=\"widget\" data-widget_type=\"text-editor.default\">\n\t\t\t\t<div class=\"elementor-widget-container\">\n\t\t\t\t\t\t\t\t\t<p>\u00a0<\/p><ul><li><strong>Raz\u00f3n social:<\/strong> Q2 FLEET SERVICES SL<\/li><li><strong>CIF:<\/strong> B66851932<\/li><li><strong>Correo electr\u00f3nico:<\/strong> info@naturaltempos.dog<\/li><li><strong>Dominio:<\/strong> naturaltempos.dog<\/li><\/ul><h2>\u00a0<\/h2><h2>Propiedad intelectual y contenido<\/h2><p>Q2 FLEET SERVICES SL es la entidad propietaria de los nombres de dominio que identifican al sitio web y es titular del alojamiento de las p\u00e1ginas en el servidor oportuno, as\u00ed como de las cuentas de correo electr\u00f3nico que pertenezcan al dominio citado. As\u00ed mismo, es propietaria de los contenidos publicados, textos y fotograf\u00edas mientras no se indique diferente propiedad.<\/p><p>No est\u00e1 permitida la reproducci\u00f3n y\/o publicaci\u00f3n, total o parcial, del portal o sus contenidos, ni su tratamiento inform\u00e1tico, su distribuci\u00f3n, su difusi\u00f3n, ni su modificaci\u00f3n, transformaci\u00f3n, ni dem\u00e1s derechos reconocidos legalmente a sus titulares, sin el permiso previo, expreso y por escrito de los autores identificados o de Q2 FLEET SERVICES SL.<\/p><p>\u00a0<\/p><p>\u00a0<\/p><h2>Ley de la sociedad de la informaci\u00f3n y comercio electr\u00f3nico<\/h2><p>En cumplimiento de la Ley 34\/2002 de 11 de Julio, de Servicios de la Sociedad de la Informaci\u00f3n\u00a0 y de Comercio Electr\u00f3nico, y la Ley 32\/2003, de 3 de noviembre, General de Telecomunicaciones se informa a los usuarios que el env\u00edo de los formularios o correos electr\u00f3nicos implicar\u00e1 el consentimiento expreso para recibir comunicaciones comerciales de Q2 FLEET SERVICES SL mediante correo electr\u00f3nico o cualquier otro medio electr\u00f3nico de comunicaci\u00f3n. No obstante, sino desea seguir recibiendo comunicaciones comerciales puede comunicarlo en  y info@naturaltempos.dog.<\/p><p>\u00a0<\/p><p>\u00a0<\/p><h2>Legislaci\u00f3n aplicable<\/h2><p>Toda la controversia surgida de la interpretaci\u00f3n del presente \u201cAviso Legal\u201d, \u201cPol\u00edtica de Privacidad\u201d o \u201cPol\u00edtica de cookies\u201d se regir\u00e1 por la legislaci\u00f3n espa\u00f1ola, en concreto a la jurisdicci\u00f3n de los Juzgados y Tribunales de Barcelona.<\/p>\t\t\t\t\t\t\t\t<\/div>\n\t\t\t\t<\/div>\n\t\t\t\t\t<\/div>\n\t\t<\/div>\n\t\t\t\t\t<\/div>\n\t\t<\/section>\n\t\t\t\t<\/div>\n\t\t","protected":false},"excerpt":{"rendered":"<p>\u00a0 Raz\u00f3n social: CIF: Correo electr\u00f3nico: Dominio: \u00a0 Propiedad intelectual y contenido es la entidad propietaria de los nombres de dominio que identifican al sitio web y es titular del alojamiento de las p\u00e1ginas en el servidor oportuno, as\u00ed como de las cuentas de correo electr\u00f3nico que pertenezcan al dominio citado. As\u00ed mismo, es propietaria [&hellip;]<\/p>\n","protected":false},"author":1,"featured_media":0,"parent":0,"menu_order":0,"comment_status":"closed","ping_status":"closed","template":"","meta":{"footnotes":""},"class_list":["post-20","page","type-page","status-publish","hentry"],"yoast_head":"<!-- This site is optimized with the Yoast SEO plugin v27.2 - https:\/\/yoast.com\/product\/yoast-seo-wordpress\/ -->\n<title>Aviso legal - Natural Tempos<\/title>\n<meta name=\"description\" content=\"\u00a0Raz\u00f3n social: CIF: Correo electr\u00f3nico: Dominio: \u00a0Propiedad intelectual y contenido es la entidad propietaria de los nombres de dominio que identifican al\" \/>\n<meta name=\"robots\" content=\"noindex, nofollow\" \/>\n<meta property=\"og:locale\" content=\"fr_FR\" \/>\n<meta property=\"og:type\" content=\"article\" \/>\n<meta property=\"og:title\" content=\"Aviso legal - Natural Tempos\" \/>\n<meta property=\"og:description\" content=\"\u00a0Raz\u00f3n social: CIF: Correo electr\u00f3nico: Dominio: \u00a0Propiedad intelectual y contenido es la entidad propietaria de los nombres de dominio que identifican al\" \/>\n<meta property=\"og:url\" content=\"https:\/\/naturaltempos.dog\/aviso-legal\/\" \/>\n<meta property=\"og:site_name\" content=\"Natural Tempos\" \/>\n<meta property=\"article:modified_time\" content=\"2022-05-31T06:38:55+00:00\" \/>\n<meta name=\"twitter:card\" content=\"summary_large_image\" \/>\n<meta name=\"twitter:label1\" content=\"Dur\u00e9e de lecture estim\u00e9e\" \/>\n\t<meta name=\"twitter:data1\" content=\"2 minutes\" \/>\n<script type=\"application\/ld+json\" class=\"yoast-schema-graph\">{\"@context\":\"https:\/\/schema.org\",\"@graph\":[{\"@type\":\"WebPage\",\"@id\":\"https:\/\/naturaltempos.dog\/aviso-legal\/\",\"url\":\"https:\/\/naturaltempos.dog\/aviso-legal\/\",\"name\":\"Aviso legal - Natural Tempos\",\"isPartOf\":{\"@id\":\"https:\/\/naturaltempos.dog\/#website\"},\"datePublished\":\"2021-05-03T07:24:56+00:00\",\"dateModified\":\"2022-05-31T06:38:55+00:00\",\"description\":\"\u00a0Raz\u00f3n social: CIF: Correo electr\u00f3nico: Dominio: \u00a0Propiedad intelectual y contenido es la entidad propietaria de los nombres de dominio que identifican al\",\"breadcrumb\":{\"@id\":\"https:\/\/naturaltempos.dog\/aviso-legal\/#breadcrumb\"},\"inLanguage\":\"fr-FR\",\"potentialAction\":[{\"@type\":\"ReadAction\",\"target\":[\"https:\/\/naturaltempos.dog\/aviso-legal\/\"]}]},{\"@type\":\"BreadcrumbList\",\"@id\":\"https:\/\/naturaltempos.dog\/aviso-legal\/#breadcrumb\",\"itemListElement\":[{\"@type\":\"ListItem\",\"position\":1,\"name\":\"Inicio\",\"item\":\"https:\/\/naturaltempos.dog\/\"},{\"@type\":\"ListItem\",\"position\":2,\"name\":\"Aviso legal\"}]},{\"@type\":\"WebSite\",\"@id\":\"https:\/\/naturaltempos.dog\/#website\",\"url\":\"https:\/\/naturaltempos.dog\/\",\"name\":\"Natural Tempos\",\"description\":\"\",\"publisher\":{\"@id\":\"https:\/\/naturaltempos.dog\/#organization\"},\"potentialAction\":[{\"@type\":\"SearchAction\",\"target\":{\"@type\":\"EntryPoint\",\"urlTemplate\":\"https:\/\/naturaltempos.dog\/?s={search_term_string}\"},\"query-input\":{\"@type\":\"PropertyValueSpecification\",\"valueRequired\":true,\"valueName\":\"search_term_string\"}}],\"inLanguage\":\"fr-FR\"},{\"@type\":\"Organization\",\"@id\":\"https:\/\/naturaltempos.dog\/#organization\",\"name\":\"Natural Tempos\",\"url\":\"https:\/\/naturaltempos.dog\/\",\"logo\":{\"@type\":\"ImageObject\",\"inLanguage\":\"fr-FR\",\"@id\":\"https:\/\/naturaltempos.dog\/#\/schema\/logo\/image\/\",\"url\":\"https:\/\/naturaltempos.dog\/wp-content\/uploads\/2022\/02\/logotipo-natural-tempos-1.svg\",\"contentUrl\":\"https:\/\/naturaltempos.dog\/wp-content\/uploads\/2022\/02\/logotipo-natural-tempos-1.svg\",\"width\":879.06,\"height\":659.68,\"caption\":\"Natural Tempos\"},\"image\":{\"@id\":\"https:\/\/naturaltempos.dog\/#\/schema\/logo\/image\/\"}}]}<\/script>\n<!-- \/ Yoast SEO plugin. -->","yoast_head_json":{"title":"Aviso legal - Natural Tempos","description":"\u00a0Raz\u00f3n social: CIF: Correo electr\u00f3nico: Dominio: \u00a0Propiedad intelectual y contenido es la entidad propietaria de los nombres de dominio que identifican al","robots":{"index":"noindex","follow":"nofollow"},"og_locale":"fr_FR","og_type":"article","og_title":"Aviso legal - Natural Tempos","og_description":"\u00a0Raz\u00f3n social: CIF: Correo electr\u00f3nico: Dominio: \u00a0Propiedad intelectual y contenido es la entidad propietaria de los nombres de dominio que identifican al","og_url":"https:\/\/naturaltempos.dog\/aviso-legal\/","og_site_name":"Natural Tempos","article_modified_time":"2022-05-31T06:38:55+00:00","twitter_card":"summary_large_image","twitter_misc":{"Dur\u00e9e de lecture estim\u00e9e":"2 minutes"},"schema":{"@context":"https:\/\/schema.org","@graph":[{"@type":"WebPage","@id":"https:\/\/naturaltempos.dog\/aviso-legal\/","url":"https:\/\/naturaltempos.dog\/aviso-legal\/","name":"Aviso legal - Natural Tempos","isPartOf":{"@id":"https:\/\/naturaltempos.dog\/#website"},"datePublished":"2021-05-03T07:24:56+00:00","dateModified":"2022-05-31T06:38:55+00:00","description":"\u00a0Raz\u00f3n social: CIF: Correo electr\u00f3nico: Dominio: \u00a0Propiedad intelectual y contenido es la entidad propietaria de los nombres de dominio que identifican al","breadcrumb":{"@id":"https:\/\/naturaltempos.dog\/aviso-legal\/#breadcrumb"},"inLanguage":"fr-FR","potentialAction":[{"@type":"ReadAction","target":["https:\/\/naturaltempos.dog\/aviso-legal\/"]}]},{"@type":"BreadcrumbList","@id":"https:\/\/naturaltempos.dog\/aviso-legal\/#breadcrumb","itemListElement":[{"@type":"ListItem","position":1,"name":"Inicio","item":"https:\/\/naturaltempos.dog\/"},{"@type":"ListItem","position":2,"name":"Aviso legal"}]},{"@type":"WebSite","@id":"https:\/\/naturaltempos.dog\/#website","url":"https:\/\/naturaltempos.dog\/","name":"Natural Tempos","description":"","publisher":{"@id":"https:\/\/naturaltempos.dog\/#organization"},"potentialAction":[{"@type":"SearchAction","target":{"@type":"EntryPoint","urlTemplate":"https:\/\/naturaltempos.dog\/?s={search_term_string}"},"query-input":{"@type":"PropertyValueSpecification","valueRequired":true,"valueName":"search_term_string"}}],"inLanguage":"fr-FR"},{"@type":"Organization","@id":"https:\/\/naturaltempos.dog\/#organization","name":"Natural Tempos","url":"https:\/\/naturaltempos.dog\/","logo":{"@type":"ImageObject","inLanguage":"fr-FR","@id":"https:\/\/naturaltempos.dog\/#\/schema\/logo\/image\/","url":"https:\/\/naturaltempos.dog\/wp-content\/uploads\/2022\/02\/logotipo-natural-tempos-1.svg","contentUrl":"https:\/\/naturaltempos.dog\/wp-content\/uploads\/2022\/02\/logotipo-natural-tempos-1.svg","width":879.06,"height":659.68,"caption":"Natural Tempos"},"image":{"@id":"https:\/\/naturaltempos.dog\/#\/schema\/logo\/image\/"}}]}},"_links":{"self":[{"href":"https:\/\/naturaltempos.dog\/fr\/wp-json\/wp\/v2\/pages\/20","targetHints":{"allow":["GET"]}}],"collection":[{"href":"https:\/\/naturaltempos.dog\/fr\/wp-json\/wp\/v2\/pages"}],"about":[{"href":"https:\/\/naturaltempos.dog\/fr\/wp-json\/wp\/v2\/types\/page"}],"author":[{"embeddable":true,"href":"https:\/\/naturaltempos.dog\/fr\/wp-json\/wp\/v2\/users\/1"}],"replies":[{"embeddable":true,"href":"https:\/\/naturaltempos.dog\/fr\/wp-json\/wp\/v2\/comments?post=20"}],"version-history":[{"count":0,"href":"https:\/\/naturaltempos.dog\/fr\/wp-json\/wp\/v2\/pages\/20\/revisions"}],"wp:attachment":[{"href":"https:\/\/naturaltempos.dog\/fr\/wp-json\/wp\/v2\/media?parent=20"}],"curies":[{"name":"wp","href":"https:\/\/api.w.org\/{rel}","templated":true}]}}