{"id":3642,"date":"2021-05-03T07:49:35","date_gmt":"2021-05-03T05:49:35","guid":{"rendered":"https:\/\/naturaltempos.dog\/contacto\/"},"modified":"2022-09-17T09:48:05","modified_gmt":"2022-09-17T07:48:05","slug":"contact","status":"publish","type":"page","link":"https:\/\/naturaltempos.dog\/fr\/contact\/","title":{"rendered":"Contact"},"content":{"rendered":"<h1>Contactez-nous<\/h1>\n<p>Natural Tempos partage avec vous des <strong>solutions qui vous aideront, vous et votre chien, \u00e0 retrouver et \u00e0 maintenir votre \u00e9quilibre<\/strong>, et \u00e0 profiter d&rsquo;une coexistence pacifique plus longtemps.<\/p>\n<ul>\n<li>\n\t\t\t\t\t\t\t\t\t<\/li>\n<\/ul>\n","protected":false},"excerpt":{"rendered":"<p>Contactez-nous Natural Tempos partage avec vous des solutions qui vous aideront, vous et votre chien, \u00e0 retrouver et \u00e0 maintenir votre \u00e9quilibre, et \u00e0 profiter d&rsquo;une coexistence pacifique plus longtemps.<\/p>\n","protected":false},"author":1,"featured_media":0,"parent":0,"menu_order":0,"comment_status":"closed","ping_status":"closed","template":"","meta":{"footnotes":""},"class_list":["post-3642","page","type-page","status-publish","hentry"],"yoast_head":"<!-- This site is optimized with the Yoast SEO plugin v27.2 - https:\/\/yoast.com\/product\/yoast-seo-wordpress\/ -->\n<title>Contact - Natural Tempos<\/title>\n<meta name=\"description\" content=\"Contactez-nous Natural Tempos partage avec vous des solutions qui vous aideront, vous et votre chien, \u00e0 retrouver et \u00e0 maintenir votre \u00e9quilibre, et \u00e0\" \/>\n<meta name=\"robots\" content=\"index, follow, max-snippet:-1, max-image-preview:large, max-video-preview:-1\" \/>\n<link rel=\"canonical\" href=\"https:\/\/naturaltempos.dog\/fr\/contact\/\" \/>\n<meta property=\"og:locale\" content=\"fr_FR\" \/>\n<meta property=\"og:type\" content=\"article\" \/>\n<meta property=\"og:title\" content=\"Contact - Natural Tempos\" \/>\n<meta property=\"og:description\" content=\"Contactez-nous Natural Tempos partage avec vous des solutions qui vous aideront, vous et votre chien, \u00e0 retrouver et \u00e0 maintenir votre \u00e9quilibre, et \u00e0\" \/>\n<meta property=\"og:url\" content=\"https:\/\/naturaltempos.dog\/fr\/contact\/\" \/>\n<meta property=\"og:site_name\" content=\"Natural Tempos\" \/>\n<meta property=\"article:modified_time\" content=\"2022-09-17T07:48:05+00:00\" \/>\n<meta name=\"twitter:card\" content=\"summary_large_image\" \/>\n<meta name=\"twitter:label1\" content=\"Dur\u00e9e de lecture estim\u00e9e\" \/>\n\t<meta name=\"twitter:data1\" content=\"2 minutes\" \/>\n<script type=\"application\/ld+json\" class=\"yoast-schema-graph\">{\"@context\":\"https:\/\/schema.org\",\"@graph\":[{\"@type\":\"WebPage\",\"@id\":\"https:\/\/naturaltempos.dog\/fr\/contact\/\",\"url\":\"https:\/\/naturaltempos.dog\/fr\/contact\/\",\"name\":\"Contact - Natural Tempos\",\"isPartOf\":{\"@id\":\"https:\/\/naturaltempos.dog\/#website\"},\"datePublished\":\"2021-05-03T05:49:35+00:00\",\"dateModified\":\"2022-09-17T07:48:05+00:00\",\"description\":\"Contactez-nous Natural Tempos partage avec vous des solutions qui vous aideront, vous et votre chien, \u00e0 retrouver et \u00e0 maintenir votre \u00e9quilibre, et \u00e0\",\"breadcrumb\":{\"@id\":\"https:\/\/naturaltempos.dog\/fr\/contact\/#breadcrumb\"},\"inLanguage\":\"fr-FR\",\"potentialAction\":[{\"@type\":\"ReadAction\",\"target\":[\"https:\/\/naturaltempos.dog\/fr\/contact\/\"]}]},{\"@type\":\"BreadcrumbList\",\"@id\":\"https:\/\/naturaltempos.dog\/fr\/contact\/#breadcrumb\",\"itemListElement\":[{\"@type\":\"ListItem\",\"position\":1,\"name\":\"Inicio\",\"item\":\"https:\/\/naturaltempos.dog\/\"},{\"@type\":\"ListItem\",\"position\":2,\"name\":\"Contact\"}]},{\"@type\":\"WebSite\",\"@id\":\"https:\/\/naturaltempos.dog\/#website\",\"url\":\"https:\/\/naturaltempos.dog\/\",\"name\":\"Natural Tempos\",\"description\":\"\",\"publisher\":{\"@id\":\"https:\/\/naturaltempos.dog\/#organization\"},\"potentialAction\":[{\"@type\":\"SearchAction\",\"target\":{\"@type\":\"EntryPoint\",\"urlTemplate\":\"https:\/\/naturaltempos.dog\/?s={search_term_string}\"},\"query-input\":{\"@type\":\"PropertyValueSpecification\",\"valueRequired\":true,\"valueName\":\"search_term_string\"}}],\"inLanguage\":\"fr-FR\"},{\"@type\":\"Organization\",\"@id\":\"https:\/\/naturaltempos.dog\/#organization\",\"name\":\"Natural Tempos\",\"url\":\"https:\/\/naturaltempos.dog\/\",\"logo\":{\"@type\":\"ImageObject\",\"inLanguage\":\"fr-FR\",\"@id\":\"https:\/\/naturaltempos.dog\/#\/schema\/logo\/image\/\",\"url\":\"https:\/\/naturaltempos.dog\/wp-content\/uploads\/2022\/02\/logotipo-natural-tempos-1.svg\",\"contentUrl\":\"https:\/\/naturaltempos.dog\/wp-content\/uploads\/2022\/02\/logotipo-natural-tempos-1.svg\",\"width\":879.06,\"height\":659.68,\"caption\":\"Natural Tempos\"},\"image\":{\"@id\":\"https:\/\/naturaltempos.dog\/#\/schema\/logo\/image\/\"}}]}<\/script>\n<!-- \/ Yoast SEO plugin. -->","yoast_head_json":{"title":"Contact - Natural Tempos","description":"Contactez-nous Natural Tempos partage avec vous des solutions qui vous aideront, vous et votre chien, \u00e0 retrouver et \u00e0 maintenir votre \u00e9quilibre, et \u00e0","robots":{"index":"index","follow":"follow","max-snippet":"max-snippet:-1","max-image-preview":"max-image-preview:large","max-video-preview":"max-video-preview:-1"},"canonical":"https:\/\/naturaltempos.dog\/fr\/contact\/","og_locale":"fr_FR","og_type":"article","og_title":"Contact - Natural Tempos","og_description":"Contactez-nous Natural Tempos partage avec vous des solutions qui vous aideront, vous et votre chien, \u00e0 retrouver et \u00e0 maintenir votre \u00e9quilibre, et \u00e0","og_url":"https:\/\/naturaltempos.dog\/fr\/contact\/","og_site_name":"Natural Tempos","article_modified_time":"2022-09-17T07:48:05+00:00","twitter_card":"summary_large_image","twitter_misc":{"Dur\u00e9e de lecture estim\u00e9e":"2 minutes"},"schema":{"@context":"https:\/\/schema.org","@graph":[{"@type":"WebPage","@id":"https:\/\/naturaltempos.dog\/fr\/contact\/","url":"https:\/\/naturaltempos.dog\/fr\/contact\/","name":"Contact - Natural Tempos","isPartOf":{"@id":"https:\/\/naturaltempos.dog\/#website"},"datePublished":"2021-05-03T05:49:35+00:00","dateModified":"2022-09-17T07:48:05+00:00","description":"Contactez-nous Natural Tempos partage avec vous des solutions qui vous aideront, vous et votre chien, \u00e0 retrouver et \u00e0 maintenir votre \u00e9quilibre, et \u00e0","breadcrumb":{"@id":"https:\/\/naturaltempos.dog\/fr\/contact\/#breadcrumb"},"inLanguage":"fr-FR","potentialAction":[{"@type":"ReadAction","target":["https:\/\/naturaltempos.dog\/fr\/contact\/"]}]},{"@type":"BreadcrumbList","@id":"https:\/\/naturaltempos.dog\/fr\/contact\/#breadcrumb","itemListElement":[{"@type":"ListItem","position":1,"name":"Inicio","item":"https:\/\/naturaltempos.dog\/"},{"@type":"ListItem","position":2,"name":"Contact"}]},{"@type":"WebSite","@id":"https:\/\/naturaltempos.dog\/#website","url":"https:\/\/naturaltempos.dog\/","name":"Natural Tempos","description":"","publisher":{"@id":"https:\/\/naturaltempos.dog\/#organization"},"potentialAction":[{"@type":"SearchAction","target":{"@type":"EntryPoint","urlTemplate":"https:\/\/naturaltempos.dog\/?s={search_term_string}"},"query-input":{"@type":"PropertyValueSpecification","valueRequired":true,"valueName":"search_term_string"}}],"inLanguage":"fr-FR"},{"@type":"Organization","@id":"https:\/\/naturaltempos.dog\/#organization","name":"Natural Tempos","url":"https:\/\/naturaltempos.dog\/","logo":{"@type":"ImageObject","inLanguage":"fr-FR","@id":"https:\/\/naturaltempos.dog\/#\/schema\/logo\/image\/","url":"https:\/\/naturaltempos.dog\/wp-content\/uploads\/2022\/02\/logotipo-natural-tempos-1.svg","contentUrl":"https:\/\/naturaltempos.dog\/wp-content\/uploads\/2022\/02\/logotipo-natural-tempos-1.svg","width":879.06,"height":659.68,"caption":"Natural Tempos"},"image":{"@id":"https:\/\/naturaltempos.dog\/#\/schema\/logo\/image\/"}}]}},"_links":{"self":[{"href":"https:\/\/naturaltempos.dog\/fr\/wp-json\/wp\/v2\/pages\/3642","targetHints":{"allow":["GET"]}}],"collection":[{"href":"https:\/\/naturaltempos.dog\/fr\/wp-json\/wp\/v2\/pages"}],"about":[{"href":"https:\/\/naturaltempos.dog\/fr\/wp-json\/wp\/v2\/types\/page"}],"author":[{"embeddable":true,"href":"https:\/\/naturaltempos.dog\/fr\/wp-json\/wp\/v2\/users\/1"}],"replies":[{"embeddable":true,"href":"https:\/\/naturaltempos.dog\/fr\/wp-json\/wp\/v2\/comments?post=3642"}],"version-history":[{"count":0,"href":"https:\/\/naturaltempos.dog\/fr\/wp-json\/wp\/v2\/pages\/3642\/revisions"}],"wp:attachment":[{"href":"https:\/\/naturaltempos.dog\/fr\/wp-json\/wp\/v2\/media?parent=3642"}],"curies":[{"name":"wp","href":"https:\/\/api.w.org\/{rel}","templated":true}]}}